{"id":657,"date":"2025-02-05T12:21:12","date_gmt":"2025-02-05T12:21:12","guid":{"rendered":"https:\/\/zvssemily.cz\/?page_id=657"},"modified":"2025-02-05T12:21:12","modified_gmt":"2025-02-05T12:21:12","slug":"skolni-rad","status":"publish","type":"page","link":"https:\/\/zvssemily.cz\/?page_id=657","title":{"rendered":"\u0160koln\u00ed \u0159\u00e1d"},"content":{"rendered":"\n<p><a href=\"https:\/\/zvssemily.cz\/wp-content\/uploads\/2025\/02\/skolni-rad-5.12.2024-1.odt\">skolni-rad-5.12.2024-1<\/a><\/p>\n","protected":false},"excerpt":{"rendered":"<p>skolni-rad-5.12.2024-1<\/p>\n","protected":false},"author":2,"featured_media":0,"parent":0,"menu_order":0,"comment_status":"closed","ping_status":"closed","template":"","meta":[],"_links":{"self":[{"href":"https:\/\/zvssemily.cz\/index.php?rest_route=\/wp\/v2\/pages\/657"}],"collection":[{"href":"https:\/\/zvssemily.cz\/index.php?rest_route=\/wp\/v2\/pages"}],"about":[{"href":"https:\/\/zvssemily.cz\/index.php?rest_route=\/wp\/v2\/types\/page"}],"author":[{"embeddable":true,"href":"https:\/\/zvssemily.cz\/index.php?rest_route=\/wp\/v2\/users\/2"}],"replies":[{"embeddable":true,"href":"https:\/\/zvssemily.cz\/index.php?rest_route=%2Fwp%2Fv2%2Fcomments&post=657"}],"version-history":[{"count":1,"href":"https:\/\/zvssemily.cz\/index.php?rest_route=\/wp\/v2\/pages\/657\/revisions"}],"predecessor-version":[{"id":659,"href":"https:\/\/zvssemily.cz\/index.php?rest_route=\/wp\/v2\/pages\/657\/revisions\/659"}],"wp:attachment":[{"href":"https:\/\/zvssemily.cz\/index.php?rest_route=%2Fwp%2Fv2%2Fmedia&parent=657"}],"curies":[{"name":"wp","href":"https:\/\/api.w.org\/{rel}","templated":true}]}}