{"id":573,"date":"2023-03-08T10:34:24","date_gmt":"2023-03-08T10:34:24","guid":{"rendered":"https:\/\/zvssemily.cz\/?page_id=573"},"modified":"2024-10-10T12:25:56","modified_gmt":"2024-10-10T12:25:56","slug":"vyrocni-zpravy","status":"publish","type":"page","link":"https:\/\/zvssemily.cz\/?page_id=573","title":{"rendered":"V\u00fdro\u010dn\u00ed zpr\u00e1vy"},"content":{"rendered":"\n<div class=\"wp-block-file\"><a id=\"wp-block-file--media-7481e9c2-1a03-4c45-8d08-077b169d0ed6\" href=\"https:\/\/zvssemily.cz\/wp-content\/uploads\/2023\/03\/vyrocni-zprava-2021-2022.docx\">vyrocni-zprava-2021-2022<\/a><a href=\"https:\/\/zvssemily.cz\/wp-content\/uploads\/2023\/03\/vyrocni-zprava-2021-2022.docx\" class=\"wp-block-file__button wp-element-button\" download aria-describedby=\"wp-block-file--media-7481e9c2-1a03-4c45-8d08-077b169d0ed6\">St\u00e1hnout<\/a><\/div>\n\n\n\n<figure class=\"wp-block-gallery has-nested-images columns-default is-cropped wp-block-gallery-1 is-layout-flex\"><\/figure>\n\n\n\n<div class=\"wp-block-file\"><a id=\"wp-block-file--media-43a49380-5293-42e6-a5c9-eef3f752e770\" href=\"https:\/\/zvssemily.cz\/wp-content\/uploads\/2024\/10\/vyrocni-zprava-2022-2023.docx\">vyrocni-zprava-2022-2023<\/a><a href=\"https:\/\/zvssemily.cz\/wp-content\/uploads\/2024\/10\/vyrocni-zprava-2022-2023.docx\" class=\"wp-block-file__button wp-element-button\" download aria-describedby=\"wp-block-file--media-43a49380-5293-42e6-a5c9-eef3f752e770\">St\u00e1hnout<\/a><\/div>\n\n\n\n\n\n<div class=\"wp-block-file\"><a id=\"wp-block-file--media-2294ecb2-caa4-474e-9ba9-7cad5d6af22e\" href=\"https:\/\/zvssemily.cz\/wp-content\/uploads\/2024\/10\/vyrocni-zprava-2023-2024.docx\">vyrocni-zprava-2023-2024<\/a><a href=\"https:\/\/zvssemily.cz\/wp-content\/uploads\/2024\/10\/vyrocni-zprava-2023-2024.docx\" class=\"wp-block-file__button wp-element-button\" download aria-describedby=\"wp-block-file--media-2294ecb2-caa4-474e-9ba9-7cad5d6af22e\">St\u00e1hnout<\/a><\/div>\n","protected":false},"excerpt":{"rendered":"","protected":false},"author":2,"featured_media":0,"parent":0,"menu_order":0,"comment_status":"closed","ping_status":"closed","template":"","meta":[],"_links":{"self":[{"href":"https:\/\/zvssemily.cz\/index.php?rest_route=\/wp\/v2\/pages\/573"}],"collection":[{"href":"https:\/\/zvssemily.cz\/index.php?rest_route=\/wp\/v2\/pages"}],"about":[{"href":"https:\/\/zvssemily.cz\/index.php?rest_route=\/wp\/v2\/types\/page"}],"author":[{"embeddable":true,"href":"https:\/\/zvssemily.cz\/index.php?rest_route=\/wp\/v2\/users\/2"}],"replies":[{"embeddable":true,"href":"https:\/\/zvssemily.cz\/index.php?rest_route=%2Fwp%2Fv2%2Fcomments&post=573"}],"version-history":[{"count":2,"href":"https:\/\/zvssemily.cz\/index.php?rest_route=\/wp\/v2\/pages\/573\/revisions"}],"predecessor-version":[{"id":599,"href":"https:\/\/zvssemily.cz\/index.php?rest_route=\/wp\/v2\/pages\/573\/revisions\/599"}],"wp:attachment":[{"href":"https:\/\/zvssemily.cz\/index.php?rest_route=%2Fwp%2Fv2%2Fmedia&parent=573"}],"curies":[{"name":"wp","href":"https:\/\/api.w.org\/{rel}","templated":true}]}}