{"id":52,"date":"2017-09-01T10:49:51","date_gmt":"2017-09-01T10:49:51","guid":{"rendered":"http:\/\/zvssemily.cz.uvirt66.active24.cz\/?page_id=52"},"modified":"2025-02-05T11:29:15","modified_gmt":"2025-02-05T11:29:15","slug":"52-2","status":"publish","type":"page","link":"https:\/\/zvssemily.cz\/","title":{"rendered":"Z\u0160 praktick\u00e1 Semily"},"content":{"rendered":"<p>V\u00edt\u00e1me V\u00e1s na str\u00e1nk\u00e1ch Z\u00e1kladn\u00ed \u0161koly praktick\u00e9&nbsp; Semily<\/p>\n<p style=\"text-align: center;\">Na\u0161e \u0161kola je speci\u00e1ln\u011b pedagogick\u00e9 za\u0159\u00edzen\u00ed . Sm\u011b\u0159uje k napln\u011bn\u00ed kompetenc\u00ed stanoven\u00fdch R\u00e1mcov\u00fdm vzd\u011bl\u00e1vac\u00edm programem pro z\u00e1kladn\u00ed vzd\u011bl\u00e1v\u00e1n\u00ed. Poskytuje z\u00e1kladn\u00ed vzd\u011bl\u00e1v\u00e1n\u00ed d\u011btem se sn\u00ed\u017een\u00fdmi rozumov\u00fdmi schopnostmi , d\u011btem se specifick\u00fdmi poruchami u\u010den\u00ed i chov\u00e1n\u00ed, d\u011btem s diagn\u00f3zami ( atypick\u00fd autismus, d\u011btsk\u00fd autismus), d\u011btem ze soci\u00e1ln\u011b znev\u00fdhodn\u011bn\u00fdch rodin.<\/p>\n<p style=\"text-align: center;\">\n<\/p><p style=\"text-align: center;\">\u0160kola je pln\u011b organizovan\u00e1, z\u0159izovatelem \u0161koly je m\u011bsto Semily. Po\u010det \u017e\u00e1k\u016f v jednotliv\u00fdch t\u0159\u00edd\u00e1ch se pohybuje mezi \u0161esti a\u017e 12 \u017e\u00e1ky. Ve \u0161koln\u00edm roce 2024\/2025 je v provozu i \u0161koln\u00ed dru\u017eina, a to jak rann\u00ed, tak i odpoledn\u00ed. R\u00e1no od 7,00 hodin do 8,00 hodin. Odpoledne od 11,30 do 16,00 hodin. Zaji\u0161t\u011bna je p\u00e9\u010de vychovatelky a asistentky pedagoga.<\/p>\n<p style=\"text-align: center;\">V 2.pat\u0159e Z\u00e1kladn\u00ed \u0161koly F.L Riegra je od z\u00e1\u0159\u00ed 2024&nbsp; 8 t\u0159\u00edd, dru\u017eina, d\u00edlna,&nbsp; cvi\u010dn\u00e1 kuchy\u0148ka. K dispozici je velk\u00e1 sportovn\u00ed hala a mal\u00e1 t\u011blocvi\u010dna, kterou u\u017e\u00edv\u00e1me spole\u010dn\u011b se Z\u00e1kladn\u00ed \u0161kolou F.L Riegra. Spole\u010dn\u00e9 je i h\u0159i\u0161t\u011b a \u0161koln\u00ed dv\u016fr, kter\u00fd vyu\u017e\u00edv\u00e1me p\u0159i v\u00fduce p\u011bstitelsk\u00fdch prac\u00ed, kde \u017e\u00e1ci instalovali jez\u00edrko s okoln\u00ed v\u00fdzdobou. \u017d\u00e1ci nav\u0161t\u011bvuj\u00ed \u0161koln\u00ed j\u00eddelnu, kter\u00e1 je tak\u00e9 spole\u010dn\u00e1 pro ob\u011b \u0161koly. Za\u010d\u00e1tek a konec vyu\u010dov\u00e1n\u00ed je p\u0159izp\u016fsoben doj\u00ed\u017ed\u011bj\u00edc\u00edm \u017e\u00e1k\u016fm. \u0160kola je p\u0159\u00edstupn\u00e1 od 7 hodin pro \u017e\u00e1ky, kte\u0159\u00ed jsou zaps\u00e1ni v dru\u017ein\u011b. Ostatn\u00ed \u017e\u00e1ci jsou do \u0161koly vpu\u0161t\u011bni v 7,45. Vyu\u010dov\u00e1n\u00ed za\u010d\u00edn\u00e1 v 8,15. Vyu\u010dovac\u00ed hodiny jsou v d\u00e9lce 30 &#8211; 60 minut.<\/p>\n<p style=\"text-align: center;\"><strong><em>Jak pracujeme?<\/em><\/strong><\/p>\n<p style=\"text-align: center;\">Pro zkvalitn\u011bn\u00ed v\u00fduky&nbsp; \u017e\u00e1k\u016f&nbsp; \u0161kola zaru\u010duje:<\/p>\n<ul style=\"text-align: center;\">\n<li>veden\u00ed osobn\u00edch materi\u00e1l\u016f d\u00edt\u011bte, kter\u00e9 bude pr\u016fb\u011b\u017en\u011b monitorovat \u017e\u00e1k\u016fv r\u016fst nebo p\u0159\u00edpadnou stagnaci po celou dobu jeho \u0161koln\u00ed doch\u00e1zky, co\u017e by m\u011blo i s v\u00fdstupn\u00edm hodnocen\u00edm p\u0159edstavovat d\u016fle\u017eit\u00fd materi\u00e1l pro u\u010ditele st\u0159edn\u00edch \u0161kol v pr\u00e1ci se \u017e\u00e1kem<\/li>\n<li>volno\u010dasov\u00e9 aktivity, ze kter\u00fdch si \u017e\u00e1k vybere oblast, kter\u00e9 se chce v\u011bnovat. Hodnoceno bude jako nepovinn\u00fd p\u0159edm\u011bt zn\u00e1mkou na vysv\u011bd\u010den\u00ed.<\/li>\n<\/ul>\n<div style=\"text-align: center;\">\n<p>Ve \u0161kole se vzd\u011bl\u00e1vaj\u00ed \u017e\u00e1ci zdravotn\u011b&nbsp;oslaben\u00ed, ment\u00e1ln\u011b posti\u017een\u00ed a \u017e\u00e1ci se soci\u00e1ln\u00edm znev\u00fdhodn\u011bn\u00edm- z rodinn\u00e9ho prost\u0159ed\u00ed s n\u00edzk\u00fdm&nbsp;sociokulturn\u00edm&nbsp;postaven\u00edm,&nbsp;&nbsp;ohro\u017een\u00ed&nbsp;patologick\u00fdmi&nbsp;jevy se stupn\u011bm pedagogick\u00e9 podpory 3. a vy\u0161\u0161\u00edho stupn\u011b.<\/p>\n<ul>\n<li>\u017d\u00e1ci jsou p\u0159ij\u00edm\u00e1ni na&nbsp; doporu\u010den\u00ed \u0161kolsk\u00e9ho poradensk\u00e9ho pracovi\u0161t\u011b.&nbsp; V n\u011bkter\u00fdch p\u0159\u00edpadech jsou pro konkr\u00e9tn\u00ed \u017e\u00e1ky ve spolupr\u00e1ci s PPP nebo SPC vypracov\u00e1ny individu\u00e1ln\u00ed vzd\u011bl\u00e1vac\u00ed pl\u00e1ny.<\/li>\n<li>\u0160kola m\u00e1 svoje specifika, p\u0159edev\u0161\u00edm poskytuje z\u00e1kladn\u00ed vzd\u011bl\u00e1n\u00ed . Chceme d\u011btem nazna\u010dit cestu ke zdrav\u00e9mu \u017eivotn\u00edmu stylu, v\u00e9st ke schopnosti kulturn\u00edho a estetick\u00e9ho pro\u017eitku, \u010di vlastn\u00ed tvo\u0159ivosti i k z\u00e1jmu o v\u011bci ve\u0159ejn\u00e9. \u0160VP sleduje rozv\u00edjen\u00ed kl\u00ed\u010dov\u00fdch kompetenc\u00ed \u017e\u00e1k\u016f propojuj\u00edc\u00edch navz\u00e1jem v\u00edce vzd\u011bl\u00e1vac\u00edch oblast\u00ed a obor\u016f a tvo\u0159\u00edc\u00edch z\u00e1klad celkov\u00e9 vzd\u011blanosti \u017e\u00e1k\u016f.<\/li>\n<li>vytvo\u0159en\u00ed p\u0159\u00edjemn\u00e9ho a kvalitn\u011b vybaven\u00e9ho prost\u0159ed\u00ed, co\u017e znamen\u00e1 zapojen\u00ed do projekt\u016f vhodn\u00fdch pro n\u00e1\u0161 typ \u0161koly. M\u00e1me v pl\u00e1nu dovybavit t\u0159\u00eddy kvalitn\u00edm n\u00e1bytkem, letos chceme zrealizovat vytvo\u0159en\u00ed d\u00edlny pro pracovn\u00ed \u010dinnosti,&nbsp; Nad\u00e1le oslovujeme p\u0159\u00edpadn\u00e9 sponzory, kte\u0159\u00ed by n\u00e1m mohli pomoci zafinancovat dal\u0161\u00ed aktivity \u0161koly, jako je t\u0159eba spole\u010dn\u00fd \u0161koln\u00ed v\u00fdlet pro v\u0161echny \u017e\u00e1ky \u0161koly. A vyu\u017e\u00edv\u00e1me projekty Evropsk\u00fdch fond\u016f jako jsou \u0160ablony JAK a Projekt na financov\u00e1n\u00ed aktivit pro \u0161koly s velk\u00fdm zastoupen\u00edm soci\u00e1ln\u011b slab\u00fdch rodin.<\/li>\n<\/ul>\n<\/div>\n<p style=\"text-align: center;\">Ve \u0161koln\u00edm roce 2024\/2025 se \u0161kola p\u0159ihl\u00e1sila do projektu \u0160ablony OP JAK II, \u010d\u00edm\u017e z\u00edskala finan\u010dn\u00ed prost\u0159edky na projektov\u00e9 dny a karierov\u00e9 poradenstv\u00ed pro vych\u00e1zej\u00edc\u00ed \u017e\u00e1ky.<\/p>\n<p>&#8222;<\/p>\n<p><strong>&nbsp; &nbsp; &nbsp; &nbsp; &nbsp; &nbsp; &nbsp; &nbsp; &nbsp; &nbsp; &nbsp; &nbsp; &nbsp; &nbsp; &nbsp; &nbsp; &nbsp; &nbsp; &nbsp; &nbsp; &nbsp; &nbsp; &nbsp; &nbsp; &nbsp; &nbsp; &nbsp; &nbsp; &nbsp; &nbsp; &nbsp; &nbsp; &nbsp; &nbsp; &nbsp; &nbsp; &nbsp; &nbsp; &nbsp; &nbsp; &nbsp; &nbsp; &nbsp; &nbsp; &nbsp; &nbsp; &nbsp; &nbsp; &nbsp; &nbsp; &nbsp; &nbsp; &nbsp; &nbsp; &nbsp; &nbsp; &nbsp; &nbsp; &nbsp; &nbsp; &nbsp; &nbsp; &nbsp; &nbsp; &nbsp; &nbsp; &nbsp; &nbsp; &nbsp; &nbsp; &nbsp; &nbsp; &nbsp; &nbsp; &nbsp; &nbsp; &nbsp; &nbsp; &nbsp; &nbsp; &nbsp; &nbsp; &nbsp; &nbsp;<\/strong><\/p>\n\n\n<figure class=\"wp-block-image size-large is-resized is-style-default\"><a href=\"https:\/\/zvssemily.cz\/wp-content\/uploads\/2025\/02\/Praha.jpg\"><img decoding=\"async\" loading=\"lazy\" src=\"https:\/\/zvssemily.cz\/wp-content\/uploads\/2025\/02\/Praha-1024x766.jpg\" alt=\"\" class=\"wp-image-648\" width=\"706\" height=\"528\" srcset=\"https:\/\/zvssemily.cz\/wp-content\/uploads\/2025\/02\/Praha-1024x766.jpg 1024w, https:\/\/zvssemily.cz\/wp-content\/uploads\/2025\/02\/Praha-300x224.jpg 300w, https:\/\/zvssemily.cz\/wp-content\/uploads\/2025\/02\/Praha-768x574.jpg 768w, https:\/\/zvssemily.cz\/wp-content\/uploads\/2025\/02\/Praha-1536x1149.jpg 1536w, https:\/\/zvssemily.cz\/wp-content\/uploads\/2025\/02\/Praha.jpg 2032w\" sizes=\"(max-width: 706px) 100vw, 706px\" \/><\/a><\/figure>\n\n\n\n<figure class=\"wp-block-image is-style-default\"><img alt=\"\"\/><\/figure>\n\n\n\n<figure class=\"wp-block-image is-style-default\"><img alt=\"\"\/><\/figure>\n\n\n\n<div class=\"wp-block-file\"><object class=\"wp-block-file__embed\" data=\"https:\/\/zvssemily.cz\/wp-content\/uploads\/2024\/10\/projekt-0131-podpora-3-4-6-brezen-2024.pdf\" type=\"application\/pdf\" style=\"width:100%;height:600px\" aria-label=\"Vlo\u017eit z projekt-0131-podpora-3-4-6-brezen-2024.\"><\/object><a id=\"wp-block-file--media-d9fe93f7-8990-430b-bdee-cc6bc2c17ed8\" href=\"https:\/\/zvssemily.cz\/wp-content\/uploads\/2024\/10\/projekt-0131-podpora-3-4-6-brezen-2024.pdf\">projekt-0131-podpora-3-4-6-brezen-2024<\/a><a href=\"https:\/\/zvssemily.cz\/wp-content\/uploads\/2024\/10\/projekt-0131-podpora-3-4-6-brezen-2024.pdf\" class=\"wp-block-file__button wp-element-button\" download aria-describedby=\"wp-block-file--media-d9fe93f7-8990-430b-bdee-cc6bc2c17ed8\">St\u00e1hnout<\/a><\/div>\n\n\n\n\n\n\n\n\n\n\n\n\n","protected":false},"excerpt":{"rendered":"<p>V\u00edt\u00e1me V\u00e1s na str\u00e1nk\u00e1ch Z\u00e1kladn\u00ed \u0161koly praktick\u00e9&nbsp; Semily Na\u0161e \u0161kola je speci\u00e1ln\u011b pedagogick\u00e9 za\u0159\u00edzen\u00ed . Sm\u011b\u0159uje k napln\u011bn\u00ed kompetenc\u00ed stanoven\u00fdch R\u00e1mcov\u00fdm vzd\u011bl\u00e1vac\u00edm programem pro z\u00e1kladn\u00ed vzd\u011bl\u00e1v\u00e1n\u00ed. Poskytuje z\u00e1kladn\u00ed vzd\u011bl\u00e1v\u00e1n\u00ed d\u011btem se sn\u00ed\u017een\u00fdmi rozumov\u00fdmi schopnostmi , d\u011btem se specifick\u00fdmi poruchami u\u010den\u00ed i chov\u00e1n\u00ed, d\u011btem s diagn\u00f3zami ( atypick\u00fd autismus, d\u011btsk\u00fd autismus), d\u011btem ze soci\u00e1ln\u011b znev\u00fdhodn\u011bn\u00fdch rodin. &hellip; <\/p>\n<p class=\"link-more\"><a href=\"https:\/\/zvssemily.cz\/\" class=\"more-link\">Pokra\u010dovat ve \u010dten\u00ed<span class=\"screen-reader-text\"> &#8222;Z\u0160 praktick\u00e1 Semily&#8220;<\/span><\/a><\/p>\n","protected":false},"author":2,"featured_media":454,"parent":0,"menu_order":0,"comment_status":"open","ping_status":"open","template":"","meta":[],"_links":{"self":[{"href":"https:\/\/zvssemily.cz\/index.php?rest_route=\/wp\/v2\/pages\/52"}],"collection":[{"href":"https:\/\/zvssemily.cz\/index.php?rest_route=\/wp\/v2\/pages"}],"about":[{"href":"https:\/\/zvssemily.cz\/index.php?rest_route=\/wp\/v2\/types\/page"}],"author":[{"embeddable":true,"href":"https:\/\/zvssemily.cz\/index.php?rest_route=\/wp\/v2\/users\/2"}],"replies":[{"embeddable":true,"href":"https:\/\/zvssemily.cz\/index.php?rest_route=%2Fwp%2Fv2%2Fcomments&post=52"}],"version-history":[{"count":19,"href":"https:\/\/zvssemily.cz\/index.php?rest_route=\/wp\/v2\/pages\/52\/revisions"}],"predecessor-version":[{"id":649,"href":"https:\/\/zvssemily.cz\/index.php?rest_route=\/wp\/v2\/pages\/52\/revisions\/649"}],"wp:featuredmedia":[{"embeddable":true,"href":"https:\/\/zvssemily.cz\/index.php?rest_route=\/wp\/v2\/media\/454"}],"wp:attachment":[{"href":"https:\/\/zvssemily.cz\/index.php?rest_route=%2Fwp%2Fv2%2Fmedia&parent=52"}],"curies":[{"name":"wp","href":"https:\/\/api.w.org\/{rel}","templated":true}]}}